{"id":1205,"date":"2023-04-26T12:42:30","date_gmt":"2023-04-26T10:42:30","guid":{"rendered":"http:\/\/zeusexportimport.com\/?page_id=1205"},"modified":"2023-04-27T14:58:58","modified_gmt":"2023-04-27T12:58:58","slug":"accesibilidad","status":"publish","type":"page","link":"https:\/\/zeusexportimport.com\/en\/accesibilidad\/","title":{"rendered":"Accesibilidad"},"content":{"rendered":"\t\t<div data-elementor-type=\"wp-page\" data-elementor-id=\"1205\" class=\"elementor elementor-1205\" data-elementor-post-type=\"page\">\n\t\t\t\t\t\t<section class=\"elementor-section elementor-top-section elementor-element elementor-element-2a8813c9 elementor-section-boxed elementor-section-height-default elementor-section-height-default\" data-id=\"2a8813c9\" data-element_type=\"section\">\n\t\t\t\t\t\t<div class=\"elementor-container elementor-column-gap-default\">\n\t\t\t\t\t<div class=\"elementor-column elementor-col-100 elementor-top-column elementor-element elementor-element-743530b\" data-id=\"743530b\" data-element_type=\"column\">\n\t\t\t<div class=\"elementor-widget-wrap elementor-element-populated\">\n\t\t\t\t\t\t<div class=\"elementor-element elementor-element-4f852ba7 elementor-widget elementor-widget-text-editor\" data-id=\"4f852ba7\" data-element_type=\"widget\" data-widget_type=\"text-editor.default\">\n\t\t\t\t<div class=\"elementor-widget-container\">\n\t\t\t\t\t\t\t\t\t\n<p>Zeus Import Export se ha comprometido a hacer accesible su sitio web, de conformidad con el Real Decreto 1112\/2018, de 7 de septiembre, sobre accesibilidad de los sitios web y aplicaciones para dispositivos m\u00f3viles\u00a0 (en adelante, Real Decreto 1112\/2018).<\/p>\n<p>La presente declaraci\u00f3n de accesibilidad se aplica al sitio web\u00a0\u00a0https:\/\/zeusexportimport.com\/<\/p>\n<p>Situaci\u00f3n de cumplimiento<br \/>Este sitio web es parcialmente conforme con el Real Decreto 1112\/2018 debido a la falta de conformidad del aspecto que se indica a continuaci\u00f3n.<\/p>\n<h5 class=\"wp-block-heading\"><strong>Contenido no accesible<\/strong><\/h5>\n<p>El contenido que se recoge a continuaci\u00f3n no es accesible por lo siguiente:<\/p>\n<p>a) Falta de conformidad con el Real Decreto 1112\/2018. Existen im\u00e1genes sin alternativas de texto descriptivas [requisito n\u00famero 9.1.1.1 Contenido no textual de la norma UNE-EN 301-549:2019, de Requisitos de accesibilidad de productos y servicios TIC (en adelante, norma UNE-EN 301-549:2019)].<br \/>Los elementos de t\u00edtulo no aparecen en orden secuencial descendente. Podr\u00edan existir fallos puntuales de edici\u00f3n en alguna p\u00e1gina web.<\/p>\n<p>b) Carga desproporcionada:<\/p>\n<h5 class=\"wp-block-heading\"><strong>No resulta aplicable.<\/strong><\/h5>\n<p>c) El contenido no entra dentro del \u00e1mbito de la legislaci\u00f3n aplicable:<\/p>\n<p>Puede haber contenidos de terceros que no est\u00e9n desarrollados en esta Unidad, ni bajo su control.<\/p>\n<p>Podr\u00edan existir archivos ofim\u00e1ticos en PDF u otros formatos publicados antes del 23 de septiembre de 2018 que no cumplan en su totalidad todos los requisitos de accesibilidad.<\/p>\n<h5 class=\"wp-block-heading\"><strong>Preparaci\u00f3n de la presente declaraci\u00f3n de accesibilidad<\/strong><\/h5>\n<p>La presente declaraci\u00f3n fue preparada el 09 de febrero de 2023.<br \/>El m\u00e9todo empleado para preparar la declaraci\u00f3n ha sido una autoevaluaci\u00f3n llevada a cabo por el propio organismo.<br \/>\u00daltima revisi\u00f3n de la declaraci\u00f3n: 10 de febrero de 2023<\/p>\n<h5 class=\"wp-block-heading\"><strong>Observaciones y datos de contacto<\/strong><\/h5>\n<p>Puede realizar comunicaciones sobre requisitos de accesibilidad (art\u00edculo 10.2.a) del Real Decreto 1112\/2018 como, por ejemplo:<\/p>\n<p>Informar sobre cualquier posible incumplimiento por parte de este sitio web.<br \/>Transmitir otras dificultades de acceso al contenido.<br \/>Formular cualquier otra consulta o sugerencia de mejora relativa a la accesibilidad del sitio web.<br \/>A trav\u00e9s de las siguientes v\u00edas:<\/p>\n<p>Tel\u00e9fono:\u00a0<a href=\"tel:+34950110456\">+34950110456<\/a><br \/>Correo electr\u00f3nico:\u00a0<a href=\"mailto:pedidos.zeusexport@gmail.com\" target=\"_blank\" rel=\"noreferrer noopener\">pedidos.zeusexport@gmail.com<\/a><br \/>Las comunicaciones ser\u00e1n recibidas y tratadas por Zeus Import Export<\/p>\n<h5 class=\"wp-block-heading\"><strong>Procedimiento de aplicaci\u00f3n<\/strong><\/h5>\n<p>Se\u00a0pondr\u00e1\u00a0en\u00a0marcha\u00a0un\u00a0\u00a0procedimiento\u00a0de\u00a0aplicaci\u00f3n\u00a0adecuado\u00a0y\u00a0eficaz\u00a0\u00a0al\u00a0que\u00a0debe\u00a0recurrirse\u00a0en\u00a0caso\u00a0de\u00a0que\u00a0la\u00a0respuesta\u00a0a\u00a0la\u00a0comunicaci\u00f3n\u00a0\u00a0o\u00a0a\u00a0la\u00a0solicitud\u00a0sea\u00a0insatisfactoria.<\/p>\n<h5 class=\"wp-block-heading\"><strong>Versi\u00f3n\u00a0accesible\u00a0(IncluSite)<\/strong><\/h5>\n<p>Este\u00a0sitio\u00a0web\u00a0dispone\u00a0de\u00a0una\u00a0versi\u00f3n\u00a0accesible\u00a0que\u00a0permite\u00a0distintas\u00a0posibilidades\u00a0de\u00a0interactuaci\u00f3n:<\/p>\n<ul>\n<li>Redimencionar fuente (incrementar\/disminuir)<\/li>\n<li>Escala de grises<\/li>\n<li>Contraste negativo<\/li>\n<li>Alto contraste<\/li>\n<li>Fondo claro<\/li>\n<li>Subrayar enlaces<\/li>\n<li>Fuente legible<\/li>\n<li>Enlace a \u00abMapa del sitio \/ Comentarios \/ P\u00e1ginas de ayuda\u00bb<\/li>\n<\/ul>\n<h5 class=\"wp-block-heading\"><strong>Caracter\u00edsticas de accesibilidad:<\/strong><\/h5>\n<ul>\n<li>Activar \u00abSaltar al contenido\u00bb<\/li>\n<li>A\u00f1adir enfoque de contorno para elementos enfocables<\/li>\n<li>Quitar el atributo de destino de los enlaces<\/li>\n<li>A\u00f1adir perfiles de marcas a todos los enlaces<\/li>\n<li>Personalizador para ajustes del estilo<\/li>\n<\/ul>\n<ul><\/ul>\n\t\t\t\t\t\t\t\t<\/div>\n\t\t\t\t<\/div>\n\t\t\t\t\t<\/div>\n\t\t<\/div>\n\t\t\t\t\t<\/div>\n\t\t<\/section>\n\t\t\t\t<\/div>\n\t\t","protected":false},"excerpt":{"rendered":"<p>Zeus Import Export se ha comprometido a hacer accesible su sitio web, de conformidad con el Real Decreto 1112\/2018, de 7 de septiembre, sobre accesibilidad de los sitios web y aplicaciones para dispositivos m\u00f3viles\u00a0 (en adelante, Real Decreto 1112\/2018). La presente declaraci\u00f3n de accesibilidad se aplica al sitio web\u00a0\u00a0https:\/\/zeusexportimport.com\/ Situaci\u00f3n de cumplimientoEste sitio web es [&hellip;]<\/p>\n","protected":false},"author":1,"featured_media":0,"parent":0,"menu_order":0,"comment_status":"closed","ping_status":"closed","template":"","meta":{"site-sidebar-layout":"default","site-content-layout":"","ast-site-content-layout":"","site-content-style":"default","site-sidebar-style":"default","ast-global-header-display":"","ast-banner-title-visibility":"","ast-main-header-display":"","ast-hfb-above-header-display":"","ast-hfb-below-header-display":"","ast-hfb-mobile-header-display":"","site-post-title":"","ast-breadcrumbs-content":"","ast-featured-img":"","footer-sml-layout":"","theme-transparent-header-meta":"","adv-header-id-meta":"","stick-header-meta":"","header-above-stick-meta":"","header-main-stick-meta":"","header-below-stick-meta":"","astra-migrate-meta-layouts":"default","ast-page-background-enabled":"default","ast-page-background-meta":{"desktop":{"background-color":"var(--ast-global-color-4)","background-image":"","background-repeat":"repeat","background-position":"center center","background-size":"auto","background-attachment":"scroll","background-type":"","background-media":"","overlay-type":"","overlay-color":"","overlay-opacity":"","overlay-gradient":""},"tablet":{"background-color":"","background-image":"","background-repeat":"repeat","background-position":"center center","background-size":"auto","background-attachment":"scroll","background-type":"","background-media":"","overlay-type":"","overlay-color":"","overlay-opacity":"","overlay-gradient":""},"mobile":{"background-color":"","background-image":"","background-repeat":"repeat","background-position":"center center","background-size":"auto","background-attachment":"scroll","background-type":"","background-media":"","overlay-type":"","overlay-color":"","overlay-opacity":"","overlay-gradient":""}},"ast-content-background-meta":{"desktop":{"background-color":"var(--ast-global-color-5)","background-image":"","background-repeat":"repeat","background-position":"center center","background-size":"auto","background-attachment":"scroll","background-type":"","background-media":"","overlay-type":"","overlay-color":"","overlay-opacity":"","overlay-gradient":""},"tablet":{"background-color":"var(--ast-global-color-5)","background-image":"","background-repeat":"repeat","background-position":"center center","background-size":"auto","background-attachment":"scroll","background-type":"","background-media":"","overlay-type":"","overlay-color":"","overlay-opacity":"","overlay-gradient":""},"mobile":{"background-color":"var(--ast-global-color-5)","background-image":"","background-repeat":"repeat","background-position":"center center","background-size":"auto","background-attachment":"scroll","background-type":"","background-media":"","overlay-type":"","overlay-color":"","overlay-opacity":"","overlay-gradient":""}},"footnotes":""},"class_list":["post-1205","page","type-page","status-publish","hentry"],"yoast_head":"<!-- This site is optimized with the Yoast SEO plugin v23.2 - https:\/\/yoast.com\/wordpress\/plugins\/seo\/ -->\r\n<title>Accesibilidad - Zeus Export Import<\/title>\r\n<meta name=\"robots\" content=\"index, follow, max-snippet:-1, max-image-preview:large, max-video-preview:-1\" \/>\r\n<link rel=\"canonical\" href=\"https:\/\/zeusexportimport.com\/en\/accesibilidad\/\" \/>\r\n<meta property=\"og:locale\" content=\"en_GB\" \/>\r\n<meta property=\"og:type\" content=\"article\" \/>\r\n<meta property=\"og:title\" content=\"Accesibilidad - Zeus Export Import\" \/>\r\n<meta property=\"og:description\" content=\"Zeus Import Export se ha comprometido a hacer accesible su sitio web, de conformidad con el Real Decreto 1112\/2018, de 7 de septiembre, sobre accesibilidad de los sitios web y aplicaciones para dispositivos m\u00f3viles\u00a0 (en adelante, Real Decreto 1112\/2018). La presente declaraci\u00f3n de accesibilidad se aplica al sitio web\u00a0\u00a0https:\/\/zeusexportimport.com\/ Situaci\u00f3n de cumplimientoEste sitio web es [&hellip;]\" \/>\r\n<meta property=\"og:url\" content=\"https:\/\/zeusexportimport.com\/en\/accesibilidad\/\" \/>\r\n<meta property=\"og:site_name\" content=\"Zeus Export Import\" \/>\r\n<meta property=\"article:modified_time\" content=\"2023-04-27T12:58:58+00:00\" \/>\r\n<meta name=\"twitter:card\" content=\"summary_large_image\" \/>\r\n<meta name=\"twitter:label1\" content=\"Est. reading time\" \/>\n\t<meta name=\"twitter:data1\" content=\"3 minutes\" \/>\r\n<script type=\"application\/ld+json\" class=\"yoast-schema-graph\">{\"@context\":\"https:\/\/schema.org\",\"@graph\":[{\"@type\":\"WebPage\",\"@id\":\"https:\/\/zeusexportimport.com\/accesibilidad\/\",\"url\":\"https:\/\/zeusexportimport.com\/accesibilidad\/\",\"name\":\"Accesibilidad - Zeus Export Import\",\"isPartOf\":{\"@id\":\"https:\/\/zeusexportimport.com\/#website\"},\"datePublished\":\"2023-04-26T10:42:30+00:00\",\"dateModified\":\"2023-04-27T12:58:58+00:00\",\"breadcrumb\":{\"@id\":\"https:\/\/zeusexportimport.com\/accesibilidad\/#breadcrumb\"},\"inLanguage\":\"en-GB\",\"potentialAction\":[{\"@type\":\"ReadAction\",\"target\":[\"https:\/\/zeusexportimport.com\/accesibilidad\/\"]}]},{\"@type\":\"BreadcrumbList\",\"@id\":\"https:\/\/zeusexportimport.com\/accesibilidad\/#breadcrumb\",\"itemListElement\":[{\"@type\":\"ListItem\",\"position\":1,\"name\":\"Portada\",\"item\":\"https:\/\/zeusexportimport.com\/\"},{\"@type\":\"ListItem\",\"position\":2,\"name\":\"Accesibilidad\"}]},{\"@type\":\"WebSite\",\"@id\":\"https:\/\/zeusexportimport.com\/#website\",\"url\":\"https:\/\/zeusexportimport.com\/\",\"name\":\"Zeus Export Import\",\"description\":\"Importamos y exportamos vegetales por todo el mundo.\",\"publisher\":{\"@id\":\"https:\/\/zeusexportimport.com\/#organization\"},\"potentialAction\":[{\"@type\":\"SearchAction\",\"target\":{\"@type\":\"EntryPoint\",\"urlTemplate\":\"https:\/\/zeusexportimport.com\/?s={search_term_string}\"},\"query-input\":\"required name=search_term_string\"}],\"inLanguage\":\"en-GB\"},{\"@type\":\"Organization\",\"@id\":\"https:\/\/zeusexportimport.com\/#organization\",\"name\":\"Zeus Export Import\",\"url\":\"https:\/\/zeusexportimport.com\/\",\"logo\":{\"@type\":\"ImageObject\",\"inLanguage\":\"en-GB\",\"@id\":\"https:\/\/zeusexportimport.com\/#\/schema\/logo\/image\/\",\"url\":\"https:\/\/zeusexportimport.com\/wp-content\/uploads\/2023\/03\/Logo-Zeus-Export-Import-Quality-New-horizontal-scaled.png\",\"contentUrl\":\"https:\/\/zeusexportimport.com\/wp-content\/uploads\/2023\/03\/Logo-Zeus-Export-Import-Quality-New-horizontal-scaled.png\",\"width\":2560,\"height\":602,\"caption\":\"Zeus Export Import\"},\"image\":{\"@id\":\"https:\/\/zeusexportimport.com\/#\/schema\/logo\/image\/\"}}]}<\/script>\r\n<!-- \/ Yoast SEO plugin. -->","yoast_head_json":{"title":"Accesibilidad - Zeus Export Import","robots":{"index":"index","follow":"follow","max-snippet":"max-snippet:-1","max-image-preview":"max-image-preview:large","max-video-preview":"max-video-preview:-1"},"canonical":"https:\/\/zeusexportimport.com\/en\/accesibilidad\/","og_locale":"en_GB","og_type":"article","og_title":"Accesibilidad - Zeus Export Import","og_description":"Zeus Import Export se ha comprometido a hacer accesible su sitio web, de conformidad con el Real Decreto 1112\/2018, de 7 de septiembre, sobre accesibilidad de los sitios web y aplicaciones para dispositivos m\u00f3viles\u00a0 (en adelante, Real Decreto 1112\/2018). La presente declaraci\u00f3n de accesibilidad se aplica al sitio web\u00a0\u00a0https:\/\/zeusexportimport.com\/ Situaci\u00f3n de cumplimientoEste sitio web es [&hellip;]","og_url":"https:\/\/zeusexportimport.com\/en\/accesibilidad\/","og_site_name":"Zeus Export Import","article_modified_time":"2023-04-27T12:58:58+00:00","twitter_card":"summary_large_image","twitter_misc":{"Est. reading time":"3 minutes"},"schema":{"@context":"https:\/\/schema.org","@graph":[{"@type":"WebPage","@id":"https:\/\/zeusexportimport.com\/accesibilidad\/","url":"https:\/\/zeusexportimport.com\/accesibilidad\/","name":"Accesibilidad - Zeus Export Import","isPartOf":{"@id":"https:\/\/zeusexportimport.com\/#website"},"datePublished":"2023-04-26T10:42:30+00:00","dateModified":"2023-04-27T12:58:58+00:00","breadcrumb":{"@id":"https:\/\/zeusexportimport.com\/accesibilidad\/#breadcrumb"},"inLanguage":"en-GB","potentialAction":[{"@type":"ReadAction","target":["https:\/\/zeusexportimport.com\/accesibilidad\/"]}]},{"@type":"BreadcrumbList","@id":"https:\/\/zeusexportimport.com\/accesibilidad\/#breadcrumb","itemListElement":[{"@type":"ListItem","position":1,"name":"Portada","item":"https:\/\/zeusexportimport.com\/"},{"@type":"ListItem","position":2,"name":"Accesibilidad"}]},{"@type":"WebSite","@id":"https:\/\/zeusexportimport.com\/#website","url":"https:\/\/zeusexportimport.com\/","name":"Zeus Export Import","description":"Importamos y exportamos vegetales por todo el mundo.","publisher":{"@id":"https:\/\/zeusexportimport.com\/#organization"},"potentialAction":[{"@type":"SearchAction","target":{"@type":"EntryPoint","urlTemplate":"https:\/\/zeusexportimport.com\/?s={search_term_string}"},"query-input":"required name=search_term_string"}],"inLanguage":"en-GB"},{"@type":"Organization","@id":"https:\/\/zeusexportimport.com\/#organization","name":"Zeus Export Import","url":"https:\/\/zeusexportimport.com\/","logo":{"@type":"ImageObject","inLanguage":"en-GB","@id":"https:\/\/zeusexportimport.com\/#\/schema\/logo\/image\/","url":"https:\/\/zeusexportimport.com\/wp-content\/uploads\/2023\/03\/Logo-Zeus-Export-Import-Quality-New-horizontal-scaled.png","contentUrl":"https:\/\/zeusexportimport.com\/wp-content\/uploads\/2023\/03\/Logo-Zeus-Export-Import-Quality-New-horizontal-scaled.png","width":2560,"height":602,"caption":"Zeus Export Import"},"image":{"@id":"https:\/\/zeusexportimport.com\/#\/schema\/logo\/image\/"}}]}},"_links":{"self":[{"href":"https:\/\/zeusexportimport.com\/en\/wp-json\/wp\/v2\/pages\/1205","targetHints":{"allow":["GET"]}}],"collection":[{"href":"https:\/\/zeusexportimport.com\/en\/wp-json\/wp\/v2\/pages"}],"about":[{"href":"https:\/\/zeusexportimport.com\/en\/wp-json\/wp\/v2\/types\/page"}],"author":[{"embeddable":true,"href":"https:\/\/zeusexportimport.com\/en\/wp-json\/wp\/v2\/users\/1"}],"replies":[{"embeddable":true,"href":"https:\/\/zeusexportimport.com\/en\/wp-json\/wp\/v2\/comments?post=1205"}],"version-history":[{"count":6,"href":"https:\/\/zeusexportimport.com\/en\/wp-json\/wp\/v2\/pages\/1205\/revisions"}],"predecessor-version":[{"id":1354,"href":"https:\/\/zeusexportimport.com\/en\/wp-json\/wp\/v2\/pages\/1205\/revisions\/1354"}],"wp:attachment":[{"href":"https:\/\/zeusexportimport.com\/en\/wp-json\/wp\/v2\/media?parent=1205"}],"curies":[{"name":"wp","href":"https:\/\/api.w.org\/{rel}","templated":true}]}}