{"id":3,"date":"2022-07-21T12:30:39","date_gmt":"2022-07-21T10:30:39","guid":{"rendered":"http:\/\/enciendelabombilla.es\/?page_id=3"},"modified":"2023-05-05T08:55:15","modified_gmt":"2023-05-05T06:55:15","slug":"politica-privacidad","status":"publish","type":"page","link":"https:\/\/zeusexportimport.com\/en\/politica-privacidad\/","title":{"rendered":"Privacy Policy"},"content":{"rendered":"<div data-elementor-type=\"wp-page\" data-elementor-id=\"3\" class=\"elementor elementor-3\" data-elementor-post-type=\"page\">\n\t\t\t\t\t\t<section class=\"elementor-section elementor-top-section elementor-element elementor-element-7c21c90 elementor-section-boxed elementor-section-height-default elementor-section-height-default\" data-id=\"7c21c90\" data-element_type=\"section\">\n\t\t\t\t\t\t<div class=\"elementor-container elementor-column-gap-default\">\n\t\t\t\t\t<div class=\"elementor-column elementor-col-100 elementor-top-column elementor-element elementor-element-21938fb\" data-id=\"21938fb\" data-element_type=\"column\">\n\t\t\t<div class=\"elementor-widget-wrap elementor-element-populated\">\n\t\t\t\t\t\t<div class=\"elementor-element elementor-element-cace101 elementor-widget elementor-widget-text-editor\" data-id=\"cace101\" data-element_type=\"widget\" data-widget_type=\"text-editor.default\">\n\t\t\t\t<div class=\"elementor-widget-container\">\n\t\t\t\t\t\t\t\t\t<h3>1. \u00bfQui\u00e9n es el responsable del tratamiento de sus datos?<\/h3>\n<p>El responsable del tratamiento de sus datos personales es Zeus Export Import Quality&nbsp;, CON N.I.F. N\u00daM. B04904405&nbsp;(en adelante, \u201cZeus\u201d), y domicilio en Paraje el Algarrobo, 20, 04710 El Ejido, Almer\u00eda.<\/p>\n<p>Le informamos que la titularidad de este Sitio Web (en adelante, el \u201cSitio Web\u201d), es de Zeus Export Import Quality&nbsp;.<\/p>\n<p>El acceso y\/o uso del Sitio Web, le atribuye la condici\u00f3n de Usuario (en adelante, el \u00abUsuario\u00ab), e implica la aceptaci\u00f3n, desde dicho acceso y\/o uso, de la presente Pol\u00edtica de Privacidad.<\/p>\n<p>El \u201cUsuario puede ponerse en contacto con Zeus Export Import Quality&nbsp; a trav\u00e9s de la siguiente direcci\u00f3n de correo electr\u00f3nico: pedidos.zeusexport@gmail.com<\/p>\n<h3>2. \u00bfPor qu\u00e9 Zeus Export Import Quality S.L. est\u00e1 legitimado para llevar a cabo el tratamiento de datos?<\/h3>\n<p><span style=\"background-color: var(--ast-global-color-5);\">Zeus Export Import Quality&nbsp;<\/span>&nbsp;est\u00e1 legitimada para tratar sus datos para poder llevar a cabo la prestaci\u00f3n de sus servicios.<\/p>\n<p><span style=\"background-color: var(--ast-global-color-5);\">Zeus Export Import Quality&nbsp;<\/span><span style=\"background-color: var(--ast-global-color-5); color: var(--ast-global-color-8); font-size: 1rem;\">&nbsp;<\/span>se toma muy en serio la protecci\u00f3n de su privacidad y de sus datos personales. Por lo tanto, su informaci\u00f3n personal se conserva de forma segura y se trata con el m\u00e1ximo cuidado.<\/p>\n<p>La presente Pol\u00edtica de Privacidad regula el acceso y el uso al servicio (en adelante, el \u201cServicio\u201d) que Zeus Export Import Quality&nbsp;&nbsp;pone a disposici\u00f3n del Usuario interesado en los servicios.<\/p>\n<p>En este sentido, las bases de legitimaci\u00f3n utilizadas por Zeus Export Import Quality&nbsp;&nbsp;para el tratamiento de los datos de los Usuarios son:<\/p>\n<p>\u2022 La ejecuci\u00f3n contractual.<\/p>\n<p>\u2022 El consentimiento de los Usuarios al tratamiento de sus datos personales para las finalidades especificadas en cada caso.<\/p>\n<p>\u2022 El inter\u00e9s leg\u00edtimo, en su caso.<\/p>\n<h3>3. \u00bfCu\u00e1les son las finalidades del tratamiento de sus datos de car\u00e1cter personal por parte de Zeus Export Import Quality?<\/h3>\n<p>Sus datos de car\u00e1cter personal recabados por Zeus Export Import Quality&nbsp;&nbsp;podr\u00e1n ser utilizados para las siguientes finalidades, seg\u00fan el consentimiento otorgado en el formulario de registro correspondiente:<\/p>\n<h4>3.1 La prestaci\u00f3n de los servicios<\/h4>\n<p>Para la prestaci\u00f3n del servicio demandado por el Usuario, Zeus Export Import Quality&nbsp; necesitar\u00e1 tratar datos personales obtenidos a partir de la informaci\u00f3n que el Usuario facilite a Zeus Export Import Quality&nbsp;.<\/p>\n<p><span style=\"background-color: var(--ast-global-color-5);\">Zeus Export Import Quality&nbsp;<\/span><span style=\"background-color: var(--ast-global-color-5); color: var(--ast-global-color-8); font-size: 1rem;\">&nbsp;<\/span>tratar\u00e1 los datos personales de los Usuarios con la finalidad de poder facilitar, agilizar y cumplir con los compromisos establecidos entre el Sitio Web y el Usuario, y mejorar la calidad, funcionamiento y navegaci\u00f3n en el Sitio Web, as\u00ed como gestionar la relaci\u00f3n que se establezca con el Usuario a trav\u00e9s de los formularios del Sitio Web para atender a una solicitud o consulta.<\/p>\n<h4>3.2 El env\u00edo de comunicaciones comerciales y\/o Newsletter<\/h4>\n<p>Zeus Export Import Quality&nbsp; no recaba datos de usuarios para hacer newsletter en esta web.<\/p>\n<h4>3.3. La gesti\u00f3n de la relaci\u00f3n con el cliente<\/h4>\n<p>La generaci\u00f3n de presupuestos o propuestas comerciales, y en caso de convertirse en clientes efectuar la relaci\u00f3n contractual sobre la prestaci\u00f3n de servicios de consultor\u00eda de diversas materias de cumplimiento normativo y asesoramiento jur\u00eddico, la correspondiente facturaci\u00f3n y cobro de los servicios. El suministro de los datos con este fin es obligado, impidi\u00e9ndole en otro caso el cumplimiento del contrato.<\/p>\n<h3>4. Veracidad de los datos facilitados por los Usuarios.<\/h3>\n<p>El Usuario garantiza que los datos personales facilitados son veraces y se hace responsable de comunicar a Zeus Export Import Quality&nbsp; cualquier modificaci\u00f3n de estos. El Usuario responder\u00e1, en cualquier caso, de la veracidad de los datos facilitados, reserv\u00e1ndose Zeus Export Import Quality&nbsp;el derecho a excluir de los Servicios registrados a todo Usuario que haya facilitado datos falsos, sin perjuicio de las dem\u00e1s acciones que procedan en Derecho.<\/p>\n<h3>5. Conservaci\u00f3n de los datos.<\/h3>\n<p>Los datos personales proporcionados se conservar\u00e1n por parte de Zeus Export Import Quality&nbsp; mientras el Usuario no manifieste su voluntad de darse de baja de los servicios de Zeus Export Import Quality, y ello con la finalidad de recibir informaci\u00f3n sobre productos de Zeus Export Import Quality&nbsp;. Posteriormente, en caso de ser necesario, Zeus Export Import Quality&nbsp; mantendr\u00e1 la informaci\u00f3n bloqueada los plazos legalmente establecidos.<\/p>\n<h3>6. Derechos del Usuario en relaci\u00f3n con sus datos.<\/h3>\n<p>El Usuario tiene derecho a:<\/p>\n<p>1. Acceder a sus datos personales.<\/p>\n<p>2. Solicitar la rectificaci\u00f3n de los datos inexactos<\/p>\n<p>3. Solicitar su supresi\u00f3n.<\/p>\n<p>4. Solicitar la limitaci\u00f3n del tratamiento de sus datos.<\/p>\n<p>5. Oponerse al tratamiento de sus datos.<\/p>\n<p>6. Solicitar su portabilidad.<\/p>\n<p>7. No ser objeto de decisiones individuales automatizadas.<\/p>\n<p>El Usuario puede ejercer todos estos derechos en la siguiente direcci\u00f3n de email:&nbsp;<span style=\"background-color: var(--ast-global-color-5);\">pedidos.zeusexport@gmail.com<\/span><\/p>\n<p>indicando el motivo de su petici\u00f3n y aportando una copia de su D.N.I.<\/p>\n<p>El Usuario puede tambi\u00e9n enviar su petici\u00f3n por correo ordinario a la siguiente direcci\u00f3n:<\/p>\n<div style=\"-webkit-tap-highlight-color: transparent; color: #202124; font-family: 'Open Sans', sans-serif; font-size: medium;\">Paraje el Algarrobo, 20<\/div>\n<div style=\"-webkit-tap-highlight-color: transparent; color: #202124; font-family: 'Open Sans', sans-serif; font-size: medium;\">04710 El Ejido<\/div>\n<div style=\"-webkit-tap-highlight-color: transparent; color: #202124; font-family: 'Open Sans', sans-serif; font-size: medium;\">Almer\u00eda<\/div>\n<div style=\"-webkit-tap-highlight-color: transparent; color: #202124; font-family: 'Open Sans', sans-serif; font-size: medium;\">Espa\u00f1a<\/div>\n<div>&nbsp;<\/div>\n<p>Sin perjuicio de cualquier otro recurso administrativo o acci\u00f3n judicial, el Usuario tendr\u00e1 derecho a presentar una reclamaci\u00f3n ante una Autoridad de Control, en particular en el Estado miembro en el que tenga su residencia habitual, lugar de trabajo o lugar de la supuesta infracci\u00f3n, en caso de que considere que el tratamiento de sus datos personales no es adecuado a la normativa, as\u00ed como en el caso de no ver satisfecho el ejercicio de sus derechos. La autoridad de control ante la que se haya presentado la reclamaci\u00f3n informar\u00e1 al reclamante sobre el curso y el resultado de la reclamaci\u00f3n.<\/p>\n<h3>7. Seguridad de los datos<\/h3>\n<p>La protecci\u00f3n de la privacidad y los datos personales de los Usuarios es muy importante para Zeus Export Import Quality. Por lo tanto, Zeus Export Import Quality&nbsp;hace todo lo que est\u00e1 en su mano para impedir que sus datos se utilicen de forma inadecuada, permitiendo el acceso a los mismo \u00fanicamente a personal autorizado.<\/p>\n<p><span style=\"background-color: var(--ast-global-color-5); color: var(--ast-global-color-8); font-size: 1rem;\">Zeus Export Import Quality<\/span><span style=\"background-color: var(--ast-global-color-5); color: var(--ast-global-color-8); font-size: 1rem;\">&nbsp;<\/span>mantiene los niveles de seguridad de protecci\u00f3n de datos personales conforme a la normativa aplicable y ha establecido todos los medios t\u00e9cnicos a su alcance para evitar la p\u00e9rdida, mal uso, alteraci\u00f3n, acceso no autorizado y robo de los datos que el usuario facilite a trav\u00e9s del Sitio Web sin perjuicio de informarle de que las medidas de seguridad en Internet no son inexpugnables.<\/p>\n<p><span style=\"background-color: var(--ast-global-color-5); color: var(--ast-global-color-8); font-size: 1rem;\">Zeus Export Import Quality<\/span><span style=\"background-color: var(--ast-global-color-5); color: var(--ast-global-color-8); font-size: 1rem;\">&nbsp;<\/span>se compromete a cumplir con el deber de secreto y confidencialidad respecto de los datos personales de acuerdo con la legislaci\u00f3n aplicable, as\u00ed como a conferirles un tratamiento seguro en las cesiones y transferencias internacionales de datos que, en su caso, puedan producirse.<\/p>\n<p>En aquellos servicios del Sitio Web que precisen registrarse como usuario, se deber\u00e1 elegir una contrase\u00f1a. El usuario es el responsable de mantener la confidencialidad de esta contrase\u00f1a, as\u00ed como de todas las actividades que ocurran en la sesi\u00f3n iniciada con su nombre y contrase\u00f1a.<\/p>\n<p>El Usuario se compromete a notificar Zeus Export Import Quality a la mayor brevedad el uso no autorizado de su nombre de Usuario y\/o contrase\u00f1a o cualquier otro fallo en la seguridad. Zeus Export Import Quality&nbsp;no ser\u00e1 responsable por los da\u00f1os o p\u00e9rdidas que se pudieran originar debido al no cumplimiento de esta obligaci\u00f3n por parte del Usuario.<\/p>\n<h3>8. Cambios.<\/h3>\n<p><span style=\"background-color: var(--ast-global-color-5); color: var(--ast-global-color-8); font-size: 1rem;\">Zeus Export Import Quality&nbsp;<\/span>se reserva el derecho de revisar su Pol\u00edtica de Privacidad en el momento que considere oportuno. Por esta raz\u00f3n, le rogamos que compruebe de forma regular esta Pol\u00edtica de Privacidad para leer la versi\u00f3n m\u00e1s reciente de la misma.<\/p>\n<p>No obstante, cualquier cambio que se produzca en la presente Pol\u00edtica de Privacidad se comunicar\u00e1 al Usuario.<\/p>\n<h3>9. Links a p\u00e1ginas web.<\/h3>\n<p>EL Sitio Web de Zeus Export Import Quality podr\u00eda contener links a p\u00e1ginas web de compa\u00f1\u00edas y entidades de terceros. Zeus Export Import Quality no puede hacerse responsable de la forma en la que estas compa\u00f1\u00edas tratan la protecci\u00f3n de la privacidad y de los datos personales, por lo que le aconsejamos que lea detenidamente las declaraciones de Pol\u00edtica de Privacidad de estas p\u00e1ginas web que no son propiedad de Zeus Export Import Quality&nbsp;con relaci\u00f3n al uso, procesamiento y protecci\u00f3n de datos personales.<\/p>\n<p>Las condiciones que ofrecen estas p\u00e1ginas web pueden no ser las mismas que las que ofrece Zeus Export Import Quality.<\/p>\n<h3>10. Preguntas<\/h3>\n<p>Si tienen alguna pregunta sobre esta Pol\u00edtica de Privacidad o el tratamiento de sus datos rogamos que se ponga en contacto con Zeus Export Import Quality mediante correo electr\u00f3nico dirigido a la siguiente direcci\u00f3n de correo electr\u00f3nico:&nbsp;<span style=\"background-color: var(--ast-global-color-5);\">pedidos.zeusexport@gmail.com<\/span><\/p>\t\t\t\t\t\t\t\t<\/div>\n\t\t\t\t<\/div>\n\t\t\t\t\t<\/div>\n\t\t<\/div>\n\t\t\t\t\t<\/div>\n\t\t<\/section>\n\t\t\t\t<\/div>","protected":false},"excerpt":{"rendered":"<p>1. \u00bfQui\u00e9n es el responsable del tratamiento de sus datos? El responsable del tratamiento de sus datos personales es Zeus Export Import Quality&nbsp;, CON N.I.F. N\u00daM. B04904405&nbsp;(en adelante, \u201cZeus\u201d), y domicilio en Paraje el Algarrobo, 20, 04710 El Ejido, Almer\u00eda. Le informamos que la titularidad de este Sitio Web (en adelante, el \u201cSitio Web\u201d), es [&hellip;]<\/p>\n","protected":false},"author":1,"featured_media":0,"parent":0,"menu_order":0,"comment_status":"closed","ping_status":"closed","template":"","meta":{"site-sidebar-layout":"default","site-content-layout":"","ast-site-content-layout":"","site-content-style":"default","site-sidebar-style":"default","ast-global-header-display":"","ast-banner-title-visibility":"","ast-main-header-display":"","ast-hfb-above-header-display":"","ast-hfb-below-header-display":"","ast-hfb-mobile-header-display":"","site-post-title":"","ast-breadcrumbs-content":"","ast-featured-img":"","footer-sml-layout":"","theme-transparent-header-meta":"","adv-header-id-meta":"","stick-header-meta":"","header-above-stick-meta":"","header-main-stick-meta":"","header-below-stick-meta":"","astra-migrate-meta-layouts":"default","ast-page-background-enabled":"default","ast-page-background-meta":{"desktop":{"background-color":"var(--ast-global-color-4)","background-image":"","background-repeat":"repeat","background-position":"center center","background-size":"auto","background-attachment":"scroll","background-type":"","background-media":"","overlay-type":"","overlay-color":"","overlay-opacity":"","overlay-gradient":""},"tablet":{"background-color":"","background-image":"","background-repeat":"repeat","background-position":"center center","background-size":"auto","background-attachment":"scroll","background-type":"","background-media":"","overlay-type":"","overlay-color":"","overlay-opacity":"","overlay-gradient":""},"mobile":{"background-color":"","background-image":"","background-repeat":"repeat","background-position":"center center","background-size":"auto","background-attachment":"scroll","background-type":"","background-media":"","overlay-type":"","overlay-color":"","overlay-opacity":"","overlay-gradient":""}},"ast-content-background-meta":{"desktop":{"background-color":"var(--ast-global-color-5)","background-image":"","background-repeat":"repeat","background-position":"center center","background-size":"auto","background-attachment":"scroll","background-type":"","background-media":"","overlay-type":"","overlay-color":"","overlay-opacity":"","overlay-gradient":""},"tablet":{"background-color":"var(--ast-global-color-5)","background-image":"","background-repeat":"repeat","background-position":"center center","background-size":"auto","background-attachment":"scroll","background-type":"","background-media":"","overlay-type":"","overlay-color":"","overlay-opacity":"","overlay-gradient":""},"mobile":{"background-color":"var(--ast-global-color-5)","background-image":"","background-repeat":"repeat","background-position":"center center","background-size":"auto","background-attachment":"scroll","background-type":"","background-media":"","overlay-type":"","overlay-color":"","overlay-opacity":"","overlay-gradient":""}},"footnotes":""},"class_list":["post-3","page","type-page","status-publish","hentry"],"yoast_head":"<!-- This site is optimized with the Yoast SEO plugin v23.2 - https:\/\/yoast.com\/wordpress\/plugins\/seo\/ -->\r\n<title>Pol\u00edtica de privacidad - Zeus Export Import<\/title>\r\n<meta name=\"robots\" content=\"index, follow, max-snippet:-1, max-image-preview:large, max-video-preview:-1\" \/>\r\n<link rel=\"canonical\" href=\"https:\/\/zeusexportimport.com\/en\/politica-privacidad\/\" \/>\r\n<meta property=\"og:locale\" content=\"en_GB\" \/>\r\n<meta property=\"og:type\" content=\"article\" \/>\r\n<meta property=\"og:title\" content=\"Pol\u00edtica de privacidad - Zeus Export Import\" \/>\r\n<meta property=\"og:description\" content=\"1. \u00bfQui\u00e9n es el responsable del tratamiento de sus datos? El responsable del tratamiento de sus datos personales es Zeus Export Import Quality&nbsp;, CON N.I.F. N\u00daM. B04904405&nbsp;(en adelante, \u201cZeus\u201d), y domicilio en Paraje el Algarrobo, 20, 04710 El Ejido, Almer\u00eda. Le informamos que la titularidad de este Sitio Web (en adelante, el \u201cSitio Web\u201d), es [&hellip;]\" \/>\r\n<meta property=\"og:url\" content=\"https:\/\/zeusexportimport.com\/en\/politica-privacidad\/\" \/>\r\n<meta property=\"og:site_name\" content=\"Zeus Export Import\" \/>\r\n<meta property=\"article:modified_time\" content=\"2023-05-05T06:55:15+00:00\" \/>\r\n<meta name=\"twitter:card\" content=\"summary_large_image\" \/>\r\n<meta name=\"twitter:label1\" content=\"Est. reading time\" \/>\n\t<meta name=\"twitter:data1\" content=\"7 minutes\" \/>\r\n<script type=\"application\/ld+json\" class=\"yoast-schema-graph\">{\"@context\":\"https:\/\/schema.org\",\"@graph\":[{\"@type\":\"WebPage\",\"@id\":\"https:\/\/zeusexportimport.com\/politica-privacidad\/\",\"url\":\"https:\/\/zeusexportimport.com\/politica-privacidad\/\",\"name\":\"Pol\u00edtica de privacidad - Zeus Export Import\",\"isPartOf\":{\"@id\":\"https:\/\/zeusexportimport.com\/#website\"},\"datePublished\":\"2022-07-21T10:30:39+00:00\",\"dateModified\":\"2023-05-05T06:55:15+00:00\",\"breadcrumb\":{\"@id\":\"https:\/\/zeusexportimport.com\/politica-privacidad\/#breadcrumb\"},\"inLanguage\":\"en-GB\",\"potentialAction\":[{\"@type\":\"ReadAction\",\"target\":[\"https:\/\/zeusexportimport.com\/politica-privacidad\/\"]}]},{\"@type\":\"BreadcrumbList\",\"@id\":\"https:\/\/zeusexportimport.com\/politica-privacidad\/#breadcrumb\",\"itemListElement\":[{\"@type\":\"ListItem\",\"position\":1,\"name\":\"Portada\",\"item\":\"https:\/\/zeusexportimport.com\/\"},{\"@type\":\"ListItem\",\"position\":2,\"name\":\"Pol\u00edtica de privacidad\"}]},{\"@type\":\"WebSite\",\"@id\":\"https:\/\/zeusexportimport.com\/#website\",\"url\":\"https:\/\/zeusexportimport.com\/\",\"name\":\"Zeus Export Import\",\"description\":\"Importamos y exportamos vegetales por todo el mundo.\",\"publisher\":{\"@id\":\"https:\/\/zeusexportimport.com\/#organization\"},\"potentialAction\":[{\"@type\":\"SearchAction\",\"target\":{\"@type\":\"EntryPoint\",\"urlTemplate\":\"https:\/\/zeusexportimport.com\/?s={search_term_string}\"},\"query-input\":\"required name=search_term_string\"}],\"inLanguage\":\"en-GB\"},{\"@type\":\"Organization\",\"@id\":\"https:\/\/zeusexportimport.com\/#organization\",\"name\":\"Zeus Export Import\",\"url\":\"https:\/\/zeusexportimport.com\/\",\"logo\":{\"@type\":\"ImageObject\",\"inLanguage\":\"en-GB\",\"@id\":\"https:\/\/zeusexportimport.com\/#\/schema\/logo\/image\/\",\"url\":\"https:\/\/zeusexportimport.com\/wp-content\/uploads\/2023\/03\/Logo-Zeus-Export-Import-Quality-New-horizontal-scaled.png\",\"contentUrl\":\"https:\/\/zeusexportimport.com\/wp-content\/uploads\/2023\/03\/Logo-Zeus-Export-Import-Quality-New-horizontal-scaled.png\",\"width\":2560,\"height\":602,\"caption\":\"Zeus Export Import\"},\"image\":{\"@id\":\"https:\/\/zeusexportimport.com\/#\/schema\/logo\/image\/\"}}]}<\/script>\r\n<!-- \/ Yoast SEO plugin. -->","yoast_head_json":{"title":"Pol\u00edtica de privacidad - Zeus Export Import","robots":{"index":"index","follow":"follow","max-snippet":"max-snippet:-1","max-image-preview":"max-image-preview:large","max-video-preview":"max-video-preview:-1"},"canonical":"https:\/\/zeusexportimport.com\/en\/politica-privacidad\/","og_locale":"en_GB","og_type":"article","og_title":"Pol\u00edtica de privacidad - Zeus Export Import","og_description":"1. \u00bfQui\u00e9n es el responsable del tratamiento de sus datos? El responsable del tratamiento de sus datos personales es Zeus Export Import Quality&nbsp;, CON N.I.F. N\u00daM. B04904405&nbsp;(en adelante, \u201cZeus\u201d), y domicilio en Paraje el Algarrobo, 20, 04710 El Ejido, Almer\u00eda. Le informamos que la titularidad de este Sitio Web (en adelante, el \u201cSitio Web\u201d), es [&hellip;]","og_url":"https:\/\/zeusexportimport.com\/en\/politica-privacidad\/","og_site_name":"Zeus Export Import","article_modified_time":"2023-05-05T06:55:15+00:00","twitter_card":"summary_large_image","twitter_misc":{"Est. reading time":"7 minutes"},"schema":{"@context":"https:\/\/schema.org","@graph":[{"@type":"WebPage","@id":"https:\/\/zeusexportimport.com\/politica-privacidad\/","url":"https:\/\/zeusexportimport.com\/politica-privacidad\/","name":"Pol\u00edtica de privacidad - Zeus Export Import","isPartOf":{"@id":"https:\/\/zeusexportimport.com\/#website"},"datePublished":"2022-07-21T10:30:39+00:00","dateModified":"2023-05-05T06:55:15+00:00","breadcrumb":{"@id":"https:\/\/zeusexportimport.com\/politica-privacidad\/#breadcrumb"},"inLanguage":"en-GB","potentialAction":[{"@type":"ReadAction","target":["https:\/\/zeusexportimport.com\/politica-privacidad\/"]}]},{"@type":"BreadcrumbList","@id":"https:\/\/zeusexportimport.com\/politica-privacidad\/#breadcrumb","itemListElement":[{"@type":"ListItem","position":1,"name":"Portada","item":"https:\/\/zeusexportimport.com\/"},{"@type":"ListItem","position":2,"name":"Pol\u00edtica de privacidad"}]},{"@type":"WebSite","@id":"https:\/\/zeusexportimport.com\/#website","url":"https:\/\/zeusexportimport.com\/","name":"Zeus Export Import","description":"Importamos y exportamos vegetales por todo el mundo.","publisher":{"@id":"https:\/\/zeusexportimport.com\/#organization"},"potentialAction":[{"@type":"SearchAction","target":{"@type":"EntryPoint","urlTemplate":"https:\/\/zeusexportimport.com\/?s={search_term_string}"},"query-input":"required name=search_term_string"}],"inLanguage":"en-GB"},{"@type":"Organization","@id":"https:\/\/zeusexportimport.com\/#organization","name":"Zeus Export Import","url":"https:\/\/zeusexportimport.com\/","logo":{"@type":"ImageObject","inLanguage":"en-GB","@id":"https:\/\/zeusexportimport.com\/#\/schema\/logo\/image\/","url":"https:\/\/zeusexportimport.com\/wp-content\/uploads\/2023\/03\/Logo-Zeus-Export-Import-Quality-New-horizontal-scaled.png","contentUrl":"https:\/\/zeusexportimport.com\/wp-content\/uploads\/2023\/03\/Logo-Zeus-Export-Import-Quality-New-horizontal-scaled.png","width":2560,"height":602,"caption":"Zeus Export Import"},"image":{"@id":"https:\/\/zeusexportimport.com\/#\/schema\/logo\/image\/"}}]}},"_links":{"self":[{"href":"https:\/\/zeusexportimport.com\/en\/wp-json\/wp\/v2\/pages\/3","targetHints":{"allow":["GET"]}}],"collection":[{"href":"https:\/\/zeusexportimport.com\/en\/wp-json\/wp\/v2\/pages"}],"about":[{"href":"https:\/\/zeusexportimport.com\/en\/wp-json\/wp\/v2\/types\/page"}],"author":[{"embeddable":true,"href":"https:\/\/zeusexportimport.com\/en\/wp-json\/wp\/v2\/users\/1"}],"replies":[{"embeddable":true,"href":"https:\/\/zeusexportimport.com\/en\/wp-json\/wp\/v2\/comments?post=3"}],"version-history":[{"count":41,"href":"https:\/\/zeusexportimport.com\/en\/wp-json\/wp\/v2\/pages\/3\/revisions"}],"predecessor-version":[{"id":1450,"href":"https:\/\/zeusexportimport.com\/en\/wp-json\/wp\/v2\/pages\/3\/revisions\/1450"}],"wp:attachment":[{"href":"https:\/\/zeusexportimport.com\/en\/wp-json\/wp\/v2\/media?parent=3"}],"curies":[{"name":"wp","href":"https:\/\/api.w.org\/{rel}","templated":true}]}}